{"id":244,"date":"2018-06-23T02:18:01","date_gmt":"2018-06-23T02:18:01","guid":{"rendered":"https:\/\/annacalemme.com\/?page_id=244"},"modified":"2018-06-23T14:40:55","modified_gmt":"2018-06-23T14:40:55","slug":"biografia","status":"publish","type":"page","link":"https:\/\/annacalemme.com\/it\/biografia\/","title":{"rendered":"Biografia"},"content":{"rendered":"<p>[et_pb_section bb_built=&#8221;1&#8243; admin_label=&#8221;Header Section&#8221; _builder_version=&#8221;3.8&#8243; background_image=&#8221;https:\/\/annacalemme.com\/media\/Anna-allIsolotto-di-SanMartino.jpg&#8221; background_position=&#8221;top_center&#8221; custom_padding=&#8221;75px|||&#8221; next_background_color=&#8221;#1a1a1a&#8221;][et_pb_row admin_label=&#8221;Header Row&#8221; custom_padding=&#8221;0px|0px|0px|0px&#8221; custom_margin=&#8221;|||&#8221; _builder_version=&#8221;3.0.92&#8243; box_shadow_style=&#8221;preset4&#8243; box_shadow_horizontal=&#8221;900px&#8221; box_shadow_vertical=&#8221;-500px&#8221; box_shadow_spread=&#8221;80px&#8221; box_shadow_color=&#8221;#1a1a1a&#8221;][et_pb_column type=&#8221;1_2&#8243;][et_pb_cta admin_label=&#8221;Heading, Subheading &amp; CTA Button&#8221; title=&#8221;Anna Calemme&#8221; button_url=&#8221;#top&#8221; _builder_version=&#8221;3.8&#8243; header_level=&#8221;h1&#8243; header_font=&#8221;Muli|700|||||||&#8221; header_text_align=&#8221;left&#8221; header_font_size=&#8221;65px&#8221; header_font_size_phone=&#8221;50px&#8221; header_font_size_last_edited=&#8221;on|phone&#8221; header_line_height=&#8221;1.4em&#8221; body_font=&#8221;Muli|600|||||||&#8221; body_text_align=&#8221;left&#8221; body_font_size=&#8221;23px&#8221; body_line_height=&#8221;1.8em&#8221; use_background_color=&#8221;off&#8221; custom_button=&#8221;on&#8221; button_text_size=&#8221;16px&#8221; button_text_color=&#8221;#ffffff&#8221; button_bg_color=&#8221;#f4583f&#8221; button_border_width=&#8221;10px&#8221; button_border_color=&#8221;#f4583f&#8221; button_border_radius=&#8221;0px&#8221; button_font=&#8221;Muli|700|||||||&#8221; button_use_icon=&#8221;off&#8221; button_border_radius_hover=&#8221;0px&#8221; background_layout=&#8221;light&#8221; custom_margin=&#8221;7vw||3vw|&#8221; custom_margin_tablet=&#8221;3vw||3vw|&#8221; custom_margin_phone=&#8221;|||&#8221; custom_margin_last_edited=&#8221;on|desktop&#8221;]<\/p>\n<p><strong>Cantautrice &#8211;\u00a0<\/strong><strong>Attrice &#8211;\u00a0<\/strong><strong>Presentatrice\u00a0<\/strong><\/p>\n<p>[\/et_pb_cta][et_pb_text _builder_version=&#8221;3.8&#8243;]<\/p>\n<p>Anna Calemme interpreta la musica napoletana come nessun altro.<br \/>\nLa sua musica \u00e8 una recita che racconta le parole con fascino ed eleganza, infondendo vita a canzoni classiche come &#8220;Fenesta Vascia&#8221;, &#8220;Regginella&#8221; e &#8220;Napul\u00e8&#8221;.<\/p>\n<p>La sia voce \u00e8 calda ed armoniosa, con un tono originale, melanconico e romantico. Grazie alla sua reinterpretazione delle canzoni classiche napoletane in chiave moderna, Anna Calemme rivela un grande talento, insieme ad una personalit\u00e0 seducente ed intelligente.<\/p>\n<p>[\/et_pb_text][\/et_pb_column][et_pb_column type=&#8221;1_2&#8243;][et_pb_image admin_label=&#8221;Header Image&#8221; src=&#8221;https:\/\/annacalemme.com\/media\/il-segno-del-successo.jpg&#8221; _builder_version=&#8221;3.8&#8243;]<\/p>\n<p>&nbsp;<\/p>\n<p>[\/et_pb_image][\/et_pb_column][\/et_pb_row][et_pb_row admin_label=&#8221;Intro Row&#8221; make_fullwidth=&#8221;on&#8221; use_custom_gutter=&#8221;on&#8221; gutter_width=&#8221;1&#8243; custom_padding=&#8221;|||&#8221; custom_margin=&#8221;100px||40%|&#8221; background_color_1=&#8221;#1a1a1a&#8221; _builder_version=&#8221;3.8&#8243;][et_pb_column type=&#8221;1_2&#8243;][et_pb_text admin_label=&#8221;Title &amp; Paragraph&#8221; _builder_version=&#8221;3.8&#8243; text_font=&#8221;Muli|600|||||||&#8221; text_text_color=&#8221;rgba(255,255,255,0.55)&#8221; text_font_size=&#8221;20px&#8221; text_line_height=&#8221;1.8em&#8221; header_font=&#8221;||||||||&#8221; header_font_size=&#8221;11px&#8221; header_2_font=&#8221;Muli|700|||||||&#8221; header_2_font_size=&#8221;2.5em&#8221; header_2_letter_spacing=&#8221;3px&#8221; header_2_line_height=&#8221;1.6em&#8221; background_layout=&#8221;dark&#8221; max_width=&#8221;600px&#8221; max_width_last_edited=&#8221;on|phone&#8221; module_alignment=&#8221;center&#8221; custom_margin=&#8221;|||&#8221; custom_padding=&#8221;100px||100px|&#8221; custom_padding_tablet=&#8221;|||50px&#8221; custom_padding_last_edited=&#8221;on|phone&#8221;]<\/p>\n<h2>Vincitrice della<br \/>\n5&#8242;\u00a0Edizione del Festival di Napoli<\/h2>\n<p>[\/et_pb_text][et_pb_text _builder_version=&#8221;3.8&#8243; text_font=&#8221;||||||||&#8221; ul_font=&#8221;||||||||&#8221; text_orientation=&#8221;right&#8221; custom_padding=&#8221;|75px|50px|&#8221;]<\/p>\n<p><iframe src=\"https:\/\/www.youtube.com\/embed\/6RZbXSurVyE?rel=0\" width=\"700\" height=\"450\" frameborder=\"0\" allowfullscreen=\"allowfullscreen\"><\/iframe><\/p>\n<p>[\/et_pb_text][\/et_pb_column][et_pb_column type=&#8221;1_2&#8243;][\/et_pb_column][\/et_pb_row][\/et_pb_section][et_pb_section bb_built=&#8221;1&#8243; admin_label=&#8221;Our Works CTA Section&#8221; _builder_version=&#8221;3.0.92&#8243; background_color=&#8221;#1a1a1a&#8221; custom_padding=&#8221;0px|0px|0px|0px&#8221; prev_background_color=&#8221;#ffffff&#8221; next_background_color=&#8221;#000000&#8243;][et_pb_row admin_label=&#8221;CTA Row&#8221; use_custom_width=&#8221;on&#8221; width_unit=&#8221;off&#8221; custom_width_percent=&#8221;100%&#8221; use_custom_gutter=&#8221;on&#8221; custom_padding=&#8221;0px|0px|0|0px|false|false&#8221; custom_margin=&#8221;|||&#8221; _builder_version=&#8221;3.0.93&#8243;][et_pb_column type=&#8221;1_2&#8243;][et_pb_cta button_url=&#8221;#top&#8221; _builder_version=&#8221;3.8&#8243; header_font=&#8221;Muli|700|||||||&#8221; header_text_color=&#8221;#ffffff&#8221; header_font_size=&#8221;50px&#8221; header_font_size_phone=&#8221;40px&#8221; header_font_size_last_edited=&#8221;on|phone&#8221; header_line_height=&#8221;1.4em&#8221; body_font=&#8221;Muli|600|||||||&#8221; body_text_align=&#8221;left&#8221; body_text_color=&#8221;rgba(255,255,255,0.55)&#8221; body_font_size=&#8221;18px&#8221; body_line_height=&#8221;1.8em&#8221; use_background_color=&#8221;off&#8221; custom_button=&#8221;on&#8221; button_text_size=&#8221;16px&#8221; button_text_color=&#8221;#ffffff&#8221; button_bg_color=&#8221;#f4583f&#8221; button_border_width=&#8221;10px&#8221; button_border_color=&#8221;#f4583f&#8221; button_border_radius=&#8221;0px&#8221; button_font=&#8221;Muli|700|||||||&#8221; button_use_icon=&#8221;off&#8221; button_border_radius_hover=&#8221;0px&#8221; max_width=&#8221;600px&#8221; max_width_last_edited=&#8221;on|desktop&#8221; module_alignment=&#8221;right&#8221; custom_margin=&#8221;18%||18%|&#8221; custom_margin_tablet=&#8221;|||&#8221; custom_margin_phone=&#8221;|||&#8221; custom_margin_last_edited=&#8221;on|tablet&#8221; custom_padding=&#8221;|||10%&#8221; custom_padding_tablet=&#8221;|10%||&#8221; custom_padding_phone=&#8221;|60px||60px&#8221; custom_padding_last_edited=&#8221;on|phone&#8221;]<\/p>\n<p>Cantante post-moderna, Anna si inserisce nella pi\u00f9 generale tendenza della World Music, un\u2019 artista poliedrica e verace recita, balla, scrive poesie e canzoni, vive sul mare sull&#8217;Isolotto di San Martino, una piccola isola tra Bacoli e Monte di Procida, ha conseguito: Master in dizione (in lingua Italiana e napoletana), diplomata in ragioneria e perito tecnico industriale, campionessa di stenografia campionessa di arti marziali, navigatrice di rally, esperta di aerobica e di jet sky.<br \/>\nSempre presente nel sociale, dove c&#8217;\u00e8 bisogno materialmente di lei, nei centri di recupero, negli ospizi, ma principalmente vicinissima ai bambini.<br \/>\nSe un canto trasmette delle emozioni, in quella voce c&#8217;\u00e8 amore, questa \u00e8 Anna Calemme.<br \/>\nNon c&#8217;\u00e8 artista che possa esprimere a pieno la napoletaniet\u00e0 nella sua essenza pi\u00f9 genuina di Anna Calemme. Poich\u00e8 la sua musicalit\u00e0 ha uno spessore cos\u00ec semplice, quanto profondo, attraverso vibrazioni indefinibili di sensazioni diverse che vanno dalla vecchia Napoli agli angoli di tutto il mondo, ovunque batte un cuore napoletano c&#8217;\u00e8 la sua voce.<\/p>\n<p>[\/et_pb_cta][\/et_pb_column][et_pb_column type=&#8221;1_2&#8243;][et_pb_image src=&#8221;https:\/\/annacalemme.com\/media\/come-una-favola.jpg&#8221; force_fullwidth=&#8221;on&#8221; _builder_version=&#8221;3.8&#8243;]<\/p>\n<p>&nbsp;<\/p>\n<p>[\/et_pb_image][\/et_pb_column][\/et_pb_row][\/et_pb_section][et_pb_section bb_built=&#8221;1&#8243; admin_label=&#8221;Our Works CTA Section&#8221; _builder_version=&#8221;3.0.93&#8243; background_color=&#8221;#1a1a1a&#8221; custom_padding=&#8221;0|0px|0px|0px|false|false&#8221; prev_background_color=&#8221;#000000&#8243; next_background_color=&#8221;#ffffff&#8221;][et_pb_row admin_label=&#8221;Image Row&#8221; use_custom_width=&#8221;on&#8221; width_unit=&#8221;off&#8221; custom_width_percent=&#8221;100%&#8221; custom_padding=&#8221;0|10%|0px||false|false&#8221; _builder_version=&#8221;3.0.92&#8243;][et_pb_column type=&#8221;4_4&#8243;][et_pb_video src=&#8221;https:\/\/youtu.be\/EMtROdzLBe4&#8243; _builder_version=&#8221;3.8&#8243;]<\/p>\n<p>&nbsp;<\/p>\n<p>[\/et_pb_video][\/et_pb_column][\/et_pb_row][\/et_pb_section][et_pb_section bb_built=&#8221;1&#8243; admin_label=&#8221;CTA Section&#8221; _builder_version=&#8221;3.0.92&#8243; custom_padding=&#8221;100px||100px|&#8221; prev_background_color=&#8221;#1a1a1a&#8221; next_background_color=&#8221;#232220&#8243;][et_pb_row admin_label=&#8221;CTA Row&#8221; use_custom_gutter=&#8221;on&#8221; custom_padding=&#8221;|||&#8221; custom_margin=&#8221;|||&#8221; _builder_version=&#8221;3.0.93&#8243;][et_pb_column type=&#8221;1_2&#8243;][et_pb_image src=&#8221;https:\/\/annacalemme.com\/media\/anima-di-artista.jpg&#8221; _builder_version=&#8221;3.8&#8243;]<\/p>\n<p>&nbsp;<\/p>\n<p>[\/et_pb_image][\/et_pb_column][et_pb_column type=&#8221;1_2&#8243;][et_pb_text _builder_version=&#8221;3.8&#8243;]<\/p>\n<h1><strong>EVENTI E RICONOSCIMENTI\u00a0<\/strong><\/h1>\n<p>&nbsp;<\/p>\n<p>&nbsp;<\/p>\n<p><strong>Zecchino d\u2019oro, 1966<\/strong>; Giocagi\u00f2 Rai uno ( Marco Dan\u00e8)<\/p>\n<p><strong>&#8220;Bambini divertiamoci insieme\u201d, 1971<\/strong>: Ideatrice e speaker radiofonica del programma in onda su Radio Tutta Napoli<\/p>\n<p><strong>1976, recital:<\/strong> con RobertoMurolo Teatro Mediterraneo<\/p>\n<p><strong>G7 Napoli, 1976<\/strong>: Concerto per Clinton durante il G7 a Napoli<\/p>\n<p><strong>La Tromba d&#8217;Oro Italiana,\u00a0 1994<\/strong>; Napoli citt\u00e0 Capitale con Austin Forte<\/p>\n<p><span style=\"font-size: 14px;\"><strong>Atti Unici, 1995 &#8211; 1997:\u00a0<\/strong>\u00a0Napoli poesia e musica,\u00a0spettacolo teatrale Pericolosamente, Amicizia \u201cAtti Unici\u201d di Eduardo De\u00a0Filippo con Sas\u00e0 Trapanese<\/span><\/p>\n<p><strong>Casin\u00f2 di Atlantic City, 1998-2006:<\/strong>\u00a0Esibizione di grande successo al Love Boat<\/p>\n<p><strong>Sanremo, 1999<\/strong>; Festival di San Remo (Vivi il Festival Palafiori)<\/p>\n<p><strong>Festival di Napoli, 2000<\/strong>; Ospite d\u2019onore al Festival di Napoli<\/p>\n<p><strong>Taj Mahal. 2000<\/strong>; Guest Star al Concerto di Primavera al Taj Mahal di Atlantic City<\/p>\n<p><strong>Taj Mahal, 2001<\/strong> con Mario e Francesco Merola, Little Tony e Mino Reitano.<\/p>\n<p><strong>San Gregorio Armeno, 2001<\/strong>: Testimonial di Natale a Napoli 2001 con il singolo &#8220;San Gregorio Armeno&#8221; scelto dall&#8217;associazione Centro Storico di Napoli come inno (del Natale tutto l&#8217;anno) di Napoli nel Mondo.<\/p>\n<p><strong>Napule nfunno o&#8217; core, 2001<\/strong>: L&#8217;artista, come tutti i napoletani veraci, ha nel proprio cuore la squadra della propria citt\u00e0 e per questo le ha scritto una canzone &#8220;Napule nfunno o&#8217; core &#8221; che \u00e8 diventata la sigla di apertura di &#8220;Tifosi&#8221; un programma sportivo in onda su Telenapoli 34.<\/p>\n<p>[\/et_pb_text][\/et_pb_column][\/et_pb_row][et_pb_row _builder_version=&#8221;3.8&#8243;][et_pb_column type=&#8221;4_4&#8243;][et_pb_text _builder_version=&#8221;3.8&#8243;]<\/p>\n<p><strong>Tifosi Napoletani, 2002-2003:<\/strong> presentratrice di grande successo allo spettacolo &#8220;Tifosi Napoletani&#8221; in onda su Sky 868.<\/p>\n<p><strong>Vorrei, 2002<\/strong>: Vincitrice della 5\u00b0 edizione del &#8220;Festival di Napoli&#8221; 2002 con il brano \u201c Vorrei\u201d.<\/p>\n<p><strong>Iniziative Telethon, 1999 &#8211; 2010<\/strong>: Testimonial di iniziative benefiche a carattere nazionale Telethon dal 1999 al 2010<\/p>\n<p><strong>Testimonial dei Bambini del Ciad, 2004<\/strong>: insignita da Rosario Pio Ramolo arcivescovo della diocesi di Gor\u00e8 del titolo ambasciatrice di pace nel mondo e Testimonial dei bambini del Ciad in Africa per i quali reperisce fondi per la costruzione di scuole e ospedali.<\/p>\n<p><strong>Progetto Scampia, 2005<\/strong>: Nel 2005 attiva il progetto Scampia in festa atto a promuovere azioni sociali di supporto alla diffusione dell\u2019arte e della cultura nelle zone ad alto rischio di dispersione scolastica e microcriminalit\u00e0 della sua amata Napoli.<\/p>\n<p><strong>Premio Fontane di Roma, Premio Rocca D&#8217;Oro 2005<\/strong>: Nello stesso anno le vengono conferiti i premi internazionali premio Fontane di Roma &#8211; Premio Auditorium di Roma &#8211; Premio Rocca D\u2019oro (Serrone) .<\/p>\n<p><strong>Sanremo Music Award, 2007<\/strong>: titolo guadagnato come esponente della cultura napoletana nel mondo.<\/p>\n<p><span style=\"font-size: 14px;\"><strong>&#8216;Na Maschera, io e&#8230; 2007<\/strong>:\u00a0 apice della maturazione artistica con due lavori discografici il primo N\u00e0 Maschera napoletano il secondo Io e\u2026in italiano Iinedito .<\/span><\/p>\n<p><strong>Commissione Parlamentare, 2007<\/strong>: Nel 2007 entra a far parte all\u2019Istituto di Cultura dell\u2019Osservatorio Parlamentare, quale membro della 12\u00b0Commissione per le Politiche del Volontariato e del Terzo Settore.<\/p>\n<p><strong>Ambasciatrice Umanista, 2009<\/strong>: Nel 2009 le viene conferito ufficialmente dalla Accademia Federico II il titolo di Ambasciatrice Umanista nel Mondo per la Sua eccezionale ed elegante capacit\u00e0 di comunicare gli alti valori e costumi tradizionali partenopei infondendo attraverso la canzone napoletana sentimenti di solidariet\u00e0, pace e amore.<\/p>\n<p><strong>Premio internazionale \u201cAd Haustum Doctrinarum\u201d, 2008 \u2013 2009<\/strong>: presentatrice<\/p>\n<p><strong>Ancis Politea, 2009:\u00a0 <\/strong>Emergenza Abbruzzo rappresentante Musicaterapeuta \u201cAncis Politeia\u201d<\/p>\n<p><strong>AISA, 2009-2010<\/strong>: Nel 2009 Official Madrina A.I.S.A. sez. Campania 2010 per la lotta contro l&#8217;Atassia<\/p>\n<p><strong>Ancis Politeia, 2010<\/strong>: Membro Forum Internazionale Comico-Canto Terapia \u201cAncis Politeia\u201d Roma<\/p>\n<p><strong>Fast Beauty Sky, 2010<\/strong>: Presentatrice televisiva Incontriamoci al Fast Beauty Sky 929<\/p>\n<p><strong>90 Minuti con gli Azzurri, 2010<\/strong>:\u00a0 Presentatrice televisiva 90 Minuti con gli Azzurri Sky 929<\/p>\n<p>2<strong>011 Nomina Ufficiale a Dama D\u2019Onore Ordo Templi Militia Christi Hierosolymitani<\/strong><\/p>\n<p><strong>Al Club di Anna, 2012<\/strong>: Trasmissione televisiva Ideata creata e condotta da Anna Calemme in onda su Sky 890<\/p>\n<p><strong>2012 Nomina Ufficiale a Dama D\u2019Onore Cavalieri di Malta<\/strong><\/p>\n<p><strong>Premio Federico II, 2012<\/strong>: Premio alla Carriera Accademia Int. di cultura Partenopea Federico II\u00b0:<\/p>\n<p><strong>Citt\u00e0 di Napoli, 2012<\/strong>: Premio Internazionale alla Carriera \u201cCitt\u00e0 di Napoli\u201d Libero Bovio<\/p>\n<p><strong>Premio Megaris, 2012<\/strong>: Premio Internazionale \u201c Megaris\u201d per il Sociale\u201d<\/p>\n<p><strong>Premio Petrolini, 2012<\/strong>: Premio Internazionale Ettore Petrolini<\/p>\n<p><strong>Premio Petrarca, 2012<\/strong>: Premio Internazionale Francesco Petrarca &#8211; Campidoglio Roma<\/p>\n<p><strong>Onorevole della S. Chiesa dei Deputati, 2012<\/strong>: Nomina di Onorevole S. Chiesa dei Deputati &#8211; Montecitorio Roma<\/p>\n<p><strong>2013 Dottorato Accademico Biculturale in Umanistica e Letteraria<\/strong><\/p>\n<p><strong>Premio Cartagine, 2014<\/strong>: Premio Internazionale Cartagine &#8211; Campidoglio Roma<\/p>\n<p><strong>2015 Maggiore della Croce Rossa Garibaldina \u2013 Roma<\/strong><\/p>\n<p><strong>Commendatore di Priorato, 2015<\/strong>: Nomina nel O.S.M.T.J. di Commendatore di funzioni Priorato Generale della Georgia GA U.S.A.<\/p>\n<p><strong>A UN PASSO DAL PERDONO,\u00a02016:\u00a0<\/strong>\u00a0attrice in film cortometraggio con Lando Buzanca<\/p>\n<p><strong>2017 Italian Festival Arizona Phoenix<\/strong><\/p>\n<p>[\/et_pb_text][\/et_pb_column][\/et_pb_row][\/et_pb_section][et_pb_section bb_built=&#8221;1&#8243; admin_label=&#8221;Footer Section&#8221; _builder_version=&#8221;3.8&#8243; background_color=&#8221;#232220&#8243; use_background_color_gradient=&#8221;on&#8221; background_color_gradient_start=&#8221;#232220&#8243; background_color_gradient_end=&#8221;rgba(35,34,32,0.13)&#8221; background_color_gradient_start_position=&#8221;25%&#8221; background_color_gradient_overlays_image=&#8221;on&#8221; background_image=&#8221;https:\/\/annacalemme.com\/media\/aiuto-per-le-donne-vittime-di-abuso.jpg&#8221; background_position=&#8221;top_center&#8221; custom_padding=&#8221;80px|0px|80px|0px|true|false&#8221; saved_tabs=&#8221;all&#8221; prev_background_color=&#8221;#ffffff&#8221;][et_pb_row _builder_version=&#8221;3.8&#8243;][et_pb_column type=&#8221;4_4&#8243;][et_pb_text _builder_version=&#8221;3.8&#8243; text_text_color=&#8221;#ffffff&#8221; text_font_size=&#8221;21px&#8221; text_line_height=&#8221;1.8em&#8221; header_4_text_align=&#8221;center&#8221; header_4_text_color=&#8221;#ffffff&#8221; header_4_font_size=&#8221;46px&#8221; text_orientation=&#8221;center&#8221;]<\/p>\n<h4 style=\"text-align: center;\">CONTATTI<\/h4>\n<p style=\"text-align: center;\">ITALIA, Napoli<br \/>\nPh: +39 (338) 326 &#8211; 8173<\/p>\n<p style=\"text-align: center;\">USA, Atlanta<br \/>\nPh: +1 (678) 650 &#8211; 7954<\/p>\n<p>[\/et_pb_text][\/et_pb_column][\/et_pb_row][et_pb_row _builder_version=&#8221;3.8&#8243;][et_pb_column type=&#8221;1_4&#8243;][\/et_pb_column][et_pb_column type=&#8221;1_2&#8243;][et_pb_contact_form module_id=&#8221;et_pb_contact_form_0&#8243; _builder_version=&#8221;3.8&#8243; email=&#8221;infothomasbi@yahoo.it &#8220;][et_pb_contact_field field_id=&#8221;Name&#8221; field_title=&#8221;Name&#8221; _builder_version=&#8221;3.0.87&#8243; border_radii=&#8221;on||||&#8221;][\/et_pb_contact_field][et_pb_contact_field field_id=&#8221;Email&#8221; field_title=&#8221;Email Address&#8221; field_type=&#8221;email&#8221; _builder_version=&#8221;3.0.87&#8243; border_radii=&#8221;on||||&#8221;][\/et_pb_contact_field][et_pb_contact_field field_id=&#8221;Message&#8221; field_title=&#8221;Message&#8221; field_type=&#8221;text&#8221; fullwidth_field=&#8221;on&#8221; _builder_version=&#8221;3.0.87&#8243; border_radii=&#8221;on||||&#8221;][\/et_pb_contact_field][\/et_pb_contact_form][\/et_pb_column][et_pb_column type=&#8221;1_4&#8243;][\/et_pb_column][\/et_pb_row][\/et_pb_section]<\/p>\n","protected":false},"excerpt":{"rendered":"<p>Cantautrice &#8211;\u00a0Attrice &#8211;\u00a0Presentatrice\u00a0 Anna Calemme interpreta la musica napoletana come nessun altro. La sua musica \u00e8 una recita che racconta le parole con fascino ed eleganza, infondendo vita a canzoni classiche come &#8220;Fenesta Vascia&#8221;, &#8220;Regginella&#8221; e &#8220;Napul\u00e8&#8221;. La sia voce \u00e8 calda ed armoniosa, con un tono originale, melanconico e romantico. Grazie alla sua reinterpretazione [&hellip;]<\/p>\n","protected":false},"author":1,"featured_media":0,"parent":0,"menu_order":0,"comment_status":"closed","ping_status":"closed","template":"","meta":{"_et_pb_use_builder":"on","_et_pb_old_content":"","_et_gb_content_width":"","footnotes":""},"class_list":["post-244","page","type-page","status-publish","hentry"],"_links":{"self":[{"href":"https:\/\/annacalemme.com\/it\/wp-json\/wp\/v2\/pages\/244","targetHints":{"allow":["GET"]}}],"collection":[{"href":"https:\/\/annacalemme.com\/it\/wp-json\/wp\/v2\/pages"}],"about":[{"href":"https:\/\/annacalemme.com\/it\/wp-json\/wp\/v2\/types\/page"}],"author":[{"embeddable":true,"href":"https:\/\/annacalemme.com\/it\/wp-json\/wp\/v2\/users\/1"}],"replies":[{"embeddable":true,"href":"https:\/\/annacalemme.com\/it\/wp-json\/wp\/v2\/comments?post=244"}],"version-history":[{"count":23,"href":"https:\/\/annacalemme.com\/it\/wp-json\/wp\/v2\/pages\/244\/revisions"}],"predecessor-version":[{"id":385,"href":"https:\/\/annacalemme.com\/it\/wp-json\/wp\/v2\/pages\/244\/revisions\/385"}],"wp:attachment":[{"href":"https:\/\/annacalemme.com\/it\/wp-json\/wp\/v2\/media?parent=244"}],"curies":[{"name":"wp","href":"https:\/\/api.w.org\/{rel}","templated":true}]}}